{"id":123,"date":"2023-08-03T17:31:18","date_gmt":"2023-08-03T17:31:18","guid":{"rendered":"https:\/\/ivonneblanc.com\/?page_id=123"},"modified":"2024-11-09T15:47:17","modified_gmt":"2024-11-09T15:47:17","slug":"sobre-mi","status":"publish","type":"page","link":"https:\/\/ivonneblanc.com\/ivonne-blanc-psicologa-en-montevideo\/sobre-mi\/","title":{"rendered":"Sobre m\u00ed"},"content":{"rendered":"\r\n<figure id=\"attachment_282\" aria-describedby=\"caption-attachment-282\" style=\"width: 435px\" class=\"wp-caption aligncenter\"><a href=\"https:\/\/ivonneblanc.com\/wp-content\/uploads\/2024\/06\/Perfil-redes-scaled.jpeg\"><img loading=\"lazy\" decoding=\"async\" class=\" wp-image-282\" src=\"https:\/\/ivonneblanc.com\/wp-content\/uploads\/2024\/06\/Perfil-redes-225x300.jpeg\" alt=\"\" width=\"435\" height=\"580\" srcset=\"https:\/\/ivonneblanc.com\/wp-content\/uploads\/2024\/06\/Perfil-redes-225x300.jpeg 225w, https:\/\/ivonneblanc.com\/wp-content\/uploads\/2024\/06\/Perfil-redes-768x1024.jpeg 768w, https:\/\/ivonneblanc.com\/wp-content\/uploads\/2024\/06\/Perfil-redes-1152x1536.jpeg 1152w, https:\/\/ivonneblanc.com\/wp-content\/uploads\/2024\/06\/Perfil-redes-1536x2048.jpeg 1536w, https:\/\/ivonneblanc.com\/wp-content\/uploads\/2024\/06\/Perfil-redes-144x192.jpeg 144w, https:\/\/ivonneblanc.com\/wp-content\/uploads\/2024\/06\/Perfil-redes-scaled.jpeg 1920w\" sizes=\"auto, (max-width: 435px) 100vw, 435px\" \/><\/a><figcaption id=\"caption-attachment-282\" class=\"wp-caption-text\">Sobre m\u00ed<\/figcaption><\/figure>\r\n\r\n\r\n\r\n\r\n\r\n\r\n\r\n\r\n\r\n\r\n\r\n<p><strong>Sobre m\u00ed:<\/strong><\/p>\r\n\r\n\r\n\r\n<p>Les voy a contar un poco sobre de m\u00ed. Nac\u00ed y resido actualmente en Montevideo, Uruguay, pero he vivido en varios departamentos del interior del pa\u00eds.<\/p>\r\n\r\n\r\n\r\n<p>Desde muy peque\u00f1a decid\u00ed ser Psic\u00f3loga.<\/p>\r\n<p>Soy Licenciada en Psicolog\u00eda hace 15 a\u00f1os y Profesora de Yoga Integral hace 3 a\u00f1os.<\/p>\r\n<p>Hice un post grado en <a href=\"https:\/\/centrohumana.com.uy\/cursos\/cursos_curriculares\/ucu1.html\">Psiconeuroinmunoendocrinolog\u00eda<\/a> y trabaj\u00e9 en Oncolog\u00eda del Hospital de Cl\u00ednicas por el per\u00edodo de un a\u00f1o como Psicoterapeuta.<\/p>\r\n<p>Actualmente y sintiendo la necesidad de incluir el cuerpo en la pr\u00e1ctica cl\u00ednica me estoy especializando en Trauma. Por esta raz\u00f3n, me form\u00e9 en <a href=\"https:\/\/ivonneblanc.com\/ivonne-blanc-psicologa-en-montevideo\/curarte-esta-en-ti-brainspotting\/\">Brainspotting<\/a> y en este momento estoy finalizando mi formaci\u00f3n en <a href=\"https:\/\/ivonneblanc.com\/ivonne-blanc-psicologa-en-montevideo\/sanar-desde-la-experiencia-somatica\/\">Experiencia Som\u00e1tica<\/a>, dos herramientas muy poderosas.<\/p>\r\n<p>Estuve dando clases de yoga Relax un tiempo. Esta experiencia me permiti\u00f3 incluir mis conocimientos de Experiencia Som\u00e1tica, trabajando dentro de las clases orientada hacia la regulaci\u00f3n del Sistema Nervioso Aut\u00f3nomo.<\/p>\r\n<p>Me fascinan todas las ramas humanas, sobre todo la psicolog\u00eda y la medicina y es primordial para m\u00ed actualizarme en mis profesiones.<\/p>\r\n\r\n\r\n\r\n<p>Me encanta la m\u00fasica, viajar y tener contacto con la naturaleza.<\/p>\r\n\r\n\r\n\r\n<p>Me apasiona ver la forma como mis pacientes con constancia y dedicaci\u00f3n van resolviendo sus retos.<\/p>\r\n<p>Reencontr\u00e1ndose con esa fortaleza que por momentos sentimos que perdimos&#8230;se puede.<\/p>\r\n<p>&nbsp;<\/p>\r\n","protected":false},"excerpt":{"rendered":"<p>Sobre m\u00ed: Les voy a contar un poco sobre de m\u00ed. Nac\u00ed y resido actualmente en Montevideo, Uruguay, pero he vivido en varios departamentos del interior del pa\u00eds. Desde muy peque\u00f1a decid\u00ed ser Psic\u00f3loga. Soy Licenciada en Psicolog\u00eda hace 15 a\u00f1os y Profesora de Yoga Integral hace 3 a\u00f1os. Hice un post grado en Psiconeuroinmunoendocrinolog\u00eda &hellip; <a href=\"https:\/\/ivonneblanc.com\/ivonne-blanc-psicologa-en-montevideo\/sobre-mi\/\" class=\"more-link\">Contin\u00faa leyendo <span class=\"screen-reader-text\">Sobre m\u00ed<\/span><\/a><\/p>\n","protected":false},"author":4,"featured_media":0,"parent":0,"menu_order":0,"comment_status":"closed","ping_status":"closed","template":"","meta":{"_joinchat":[],"footnotes":""},"class_list":["post-123","page","type-page","status-publish","hentry"],"yoast_head":"<!-- This site is optimized with the Yoast SEO plugin v27.5 - https:\/\/yoast.com\/product\/yoast-seo-wordpress\/ -->\n<title>Sobre m\u00ed - Psic\u00f3loga Ivonne Blanc<\/title>\n<meta name=\"description\" content=\"Sobre m\u00ed: soy Psic\u00f3loga hace 15 a\u00f1os. Especializaci\u00f3n en Trauma. Utilizo herramientas muy poderosas como Brainspotting y Experiencia Som\u00e1tica\" \/>\n<meta name=\"robots\" content=\"index, follow, max-snippet:-1, max-image-preview:large, max-video-preview:-1\" \/>\n<link rel=\"canonical\" href=\"https:\/\/ivonneblanc.com\/ivonne-blanc-psicologa-en-montevideo\/sobre-mi\/\" \/>\n<meta property=\"og:locale\" content=\"es_ES\" \/>\n<meta property=\"og:type\" content=\"article\" \/>\n<meta property=\"og:title\" content=\"Sobre m\u00ed - Psic\u00f3loga Ivonne Blanc\" \/>\n<meta property=\"og:description\" content=\"Sobre m\u00ed: soy Psic\u00f3loga hace 15 a\u00f1os. Especializaci\u00f3n en Trauma. Utilizo herramientas muy poderosas como Brainspotting y Experiencia Som\u00e1tica\" \/>\n<meta property=\"og:url\" content=\"https:\/\/ivonneblanc.com\/ivonne-blanc-psicologa-en-montevideo\/sobre-mi\/\" \/>\n<meta property=\"og:site_name\" content=\"Psic\u00f3loga Ivonne Blanc\" \/>\n<meta property=\"article:modified_time\" content=\"2024-11-09T15:47:17+00:00\" \/>\n<meta property=\"og:image\" content=\"https:\/\/ivonneblanc.com\/wp-content\/uploads\/2024\/06\/Perfil-redes-scaled.jpeg\" \/>\n\t<meta property=\"og:image:width\" content=\"1920\" \/>\n\t<meta property=\"og:image:height\" content=\"2560\" \/>\n\t<meta property=\"og:image:type\" content=\"image\/jpeg\" \/>\n<meta name=\"twitter:card\" content=\"summary_large_image\" \/>\n<meta name=\"twitter:label1\" content=\"Tiempo de lectura\" \/>\n\t<meta name=\"twitter:data1\" content=\"2 minutos\" \/>\n<script type=\"application\/ld+json\" class=\"yoast-schema-graph\">{\"@context\":\"https:\\\/\\\/schema.org\",\"@graph\":[{\"@type\":\"WebPage\",\"@id\":\"https:\\\/\\\/ivonneblanc.com\\\/ivonne-blanc-psicologa-en-montevideo\\\/sobre-mi\\\/\",\"url\":\"https:\\\/\\\/ivonneblanc.com\\\/ivonne-blanc-psicologa-en-montevideo\\\/sobre-mi\\\/\",\"name\":\"Sobre m\u00ed - Psic\u00f3loga Ivonne Blanc\",\"isPartOf\":{\"@id\":\"https:\\\/\\\/ivonneblanc.com\\\/ivonne-blanc-psicologa-en-montevideo\\\/#website\"},\"primaryImageOfPage\":{\"@id\":\"https:\\\/\\\/ivonneblanc.com\\\/ivonne-blanc-psicologa-en-montevideo\\\/sobre-mi\\\/#primaryimage\"},\"image\":{\"@id\":\"https:\\\/\\\/ivonneblanc.com\\\/ivonne-blanc-psicologa-en-montevideo\\\/sobre-mi\\\/#primaryimage\"},\"thumbnailUrl\":\"https:\\\/\\\/ivonneblanc.com\\\/wp-content\\\/uploads\\\/2024\\\/06\\\/Perfil-redes-225x300.jpeg\",\"datePublished\":\"2023-08-03T17:31:18+00:00\",\"dateModified\":\"2024-11-09T15:47:17+00:00\",\"description\":\"Sobre m\u00ed: soy Psic\u00f3loga hace 15 a\u00f1os. Especializaci\u00f3n en Trauma. Utilizo herramientas muy poderosas como Brainspotting y Experiencia Som\u00e1tica\",\"breadcrumb\":{\"@id\":\"https:\\\/\\\/ivonneblanc.com\\\/ivonne-blanc-psicologa-en-montevideo\\\/sobre-mi\\\/#breadcrumb\"},\"inLanguage\":\"es\",\"potentialAction\":[{\"@type\":\"ReadAction\",\"target\":[\"https:\\\/\\\/ivonneblanc.com\\\/ivonne-blanc-psicologa-en-montevideo\\\/sobre-mi\\\/\"]}]},{\"@type\":\"ImageObject\",\"inLanguage\":\"es\",\"@id\":\"https:\\\/\\\/ivonneblanc.com\\\/ivonne-blanc-psicologa-en-montevideo\\\/sobre-mi\\\/#primaryimage\",\"url\":\"https:\\\/\\\/ivonneblanc.com\\\/wp-content\\\/uploads\\\/2024\\\/06\\\/Perfil-redes-225x300.jpeg\",\"contentUrl\":\"https:\\\/\\\/ivonneblanc.com\\\/wp-content\\\/uploads\\\/2024\\\/06\\\/Perfil-redes-225x300.jpeg\"},{\"@type\":\"BreadcrumbList\",\"@id\":\"https:\\\/\\\/ivonneblanc.com\\\/ivonne-blanc-psicologa-en-montevideo\\\/sobre-mi\\\/#breadcrumb\",\"itemListElement\":[{\"@type\":\"ListItem\",\"position\":1,\"name\":\"Portada\",\"item\":\"https:\\\/\\\/ivonneblanc.com\\\/ivonne-blanc-psicologa-en-montevideo\\\/\"},{\"@type\":\"ListItem\",\"position\":2,\"name\":\"Sobre m\u00ed\"}]},{\"@type\":\"WebSite\",\"@id\":\"https:\\\/\\\/ivonneblanc.com\\\/ivonne-blanc-psicologa-en-montevideo\\\/#website\",\"url\":\"https:\\\/\\\/ivonneblanc.com\\\/ivonne-blanc-psicologa-en-montevideo\\\/\",\"name\":\"Psic\u00f3loga Ivonne Blanc\",\"description\":\"\",\"potentialAction\":[{\"@type\":\"SearchAction\",\"target\":{\"@type\":\"EntryPoint\",\"urlTemplate\":\"https:\\\/\\\/ivonneblanc.com\\\/ivonne-blanc-psicologa-en-montevideo\\\/?s={search_term_string}\"},\"query-input\":{\"@type\":\"PropertyValueSpecification\",\"valueRequired\":true,\"valueName\":\"search_term_string\"}}],\"inLanguage\":\"es\"}]}<\/script>\n<!-- \/ Yoast SEO plugin. -->","yoast_head_json":{"title":"Sobre m\u00ed - Psic\u00f3loga Ivonne Blanc","description":"Sobre m\u00ed: soy Psic\u00f3loga hace 15 a\u00f1os. Especializaci\u00f3n en Trauma. Utilizo herramientas muy poderosas como Brainspotting y Experiencia Som\u00e1tica","robots":{"index":"index","follow":"follow","max-snippet":"max-snippet:-1","max-image-preview":"max-image-preview:large","max-video-preview":"max-video-preview:-1"},"canonical":"https:\/\/ivonneblanc.com\/ivonne-blanc-psicologa-en-montevideo\/sobre-mi\/","og_locale":"es_ES","og_type":"article","og_title":"Sobre m\u00ed - Psic\u00f3loga Ivonne Blanc","og_description":"Sobre m\u00ed: soy Psic\u00f3loga hace 15 a\u00f1os. Especializaci\u00f3n en Trauma. Utilizo herramientas muy poderosas como Brainspotting y Experiencia Som\u00e1tica","og_url":"https:\/\/ivonneblanc.com\/ivonne-blanc-psicologa-en-montevideo\/sobre-mi\/","og_site_name":"Psic\u00f3loga Ivonne Blanc","article_modified_time":"2024-11-09T15:47:17+00:00","og_image":[{"width":1920,"height":2560,"url":"https:\/\/ivonneblanc.com\/wp-content\/uploads\/2024\/06\/Perfil-redes-scaled.jpeg","type":"image\/jpeg"}],"twitter_card":"summary_large_image","twitter_misc":{"Tiempo de lectura":"2 minutos"},"schema":{"@context":"https:\/\/schema.org","@graph":[{"@type":"WebPage","@id":"https:\/\/ivonneblanc.com\/ivonne-blanc-psicologa-en-montevideo\/sobre-mi\/","url":"https:\/\/ivonneblanc.com\/ivonne-blanc-psicologa-en-montevideo\/sobre-mi\/","name":"Sobre m\u00ed - Psic\u00f3loga Ivonne Blanc","isPartOf":{"@id":"https:\/\/ivonneblanc.com\/ivonne-blanc-psicologa-en-montevideo\/#website"},"primaryImageOfPage":{"@id":"https:\/\/ivonneblanc.com\/ivonne-blanc-psicologa-en-montevideo\/sobre-mi\/#primaryimage"},"image":{"@id":"https:\/\/ivonneblanc.com\/ivonne-blanc-psicologa-en-montevideo\/sobre-mi\/#primaryimage"},"thumbnailUrl":"https:\/\/ivonneblanc.com\/wp-content\/uploads\/2024\/06\/Perfil-redes-225x300.jpeg","datePublished":"2023-08-03T17:31:18+00:00","dateModified":"2024-11-09T15:47:17+00:00","description":"Sobre m\u00ed: soy Psic\u00f3loga hace 15 a\u00f1os. Especializaci\u00f3n en Trauma. Utilizo herramientas muy poderosas como Brainspotting y Experiencia Som\u00e1tica","breadcrumb":{"@id":"https:\/\/ivonneblanc.com\/ivonne-blanc-psicologa-en-montevideo\/sobre-mi\/#breadcrumb"},"inLanguage":"es","potentialAction":[{"@type":"ReadAction","target":["https:\/\/ivonneblanc.com\/ivonne-blanc-psicologa-en-montevideo\/sobre-mi\/"]}]},{"@type":"ImageObject","inLanguage":"es","@id":"https:\/\/ivonneblanc.com\/ivonne-blanc-psicologa-en-montevideo\/sobre-mi\/#primaryimage","url":"https:\/\/ivonneblanc.com\/wp-content\/uploads\/2024\/06\/Perfil-redes-225x300.jpeg","contentUrl":"https:\/\/ivonneblanc.com\/wp-content\/uploads\/2024\/06\/Perfil-redes-225x300.jpeg"},{"@type":"BreadcrumbList","@id":"https:\/\/ivonneblanc.com\/ivonne-blanc-psicologa-en-montevideo\/sobre-mi\/#breadcrumb","itemListElement":[{"@type":"ListItem","position":1,"name":"Portada","item":"https:\/\/ivonneblanc.com\/ivonne-blanc-psicologa-en-montevideo\/"},{"@type":"ListItem","position":2,"name":"Sobre m\u00ed"}]},{"@type":"WebSite","@id":"https:\/\/ivonneblanc.com\/ivonne-blanc-psicologa-en-montevideo\/#website","url":"https:\/\/ivonneblanc.com\/ivonne-blanc-psicologa-en-montevideo\/","name":"Psic\u00f3loga Ivonne Blanc","description":"","potentialAction":[{"@type":"SearchAction","target":{"@type":"EntryPoint","urlTemplate":"https:\/\/ivonneblanc.com\/ivonne-blanc-psicologa-en-montevideo\/?s={search_term_string}"},"query-input":{"@type":"PropertyValueSpecification","valueRequired":true,"valueName":"search_term_string"}}],"inLanguage":"es"}]}},"_links":{"self":[{"href":"https:\/\/ivonneblanc.com\/ivonne-blanc-psicologa-en-montevideo\/wp-json\/wp\/v2\/pages\/123","targetHints":{"allow":["GET"]}}],"collection":[{"href":"https:\/\/ivonneblanc.com\/ivonne-blanc-psicologa-en-montevideo\/wp-json\/wp\/v2\/pages"}],"about":[{"href":"https:\/\/ivonneblanc.com\/ivonne-blanc-psicologa-en-montevideo\/wp-json\/wp\/v2\/types\/page"}],"author":[{"embeddable":true,"href":"https:\/\/ivonneblanc.com\/ivonne-blanc-psicologa-en-montevideo\/wp-json\/wp\/v2\/users\/4"}],"replies":[{"embeddable":true,"href":"https:\/\/ivonneblanc.com\/ivonne-blanc-psicologa-en-montevideo\/wp-json\/wp\/v2\/comments?post=123"}],"version-history":[{"count":17,"href":"https:\/\/ivonneblanc.com\/ivonne-blanc-psicologa-en-montevideo\/wp-json\/wp\/v2\/pages\/123\/revisions"}],"predecessor-version":[{"id":952,"href":"https:\/\/ivonneblanc.com\/ivonne-blanc-psicologa-en-montevideo\/wp-json\/wp\/v2\/pages\/123\/revisions\/952"}],"wp:attachment":[{"href":"https:\/\/ivonneblanc.com\/ivonne-blanc-psicologa-en-montevideo\/wp-json\/wp\/v2\/media?parent=123"}],"curies":[{"name":"wp","href":"https:\/\/api.w.org\/{rel}","templated":true}]}}